{"id":13,"date":"2019-06-10T08:34:33","date_gmt":"2019-06-10T08:34:33","guid":{"rendered":"http:\/\/maison-eliseetphilipp.de\/?page_id=13"},"modified":"2020-03-25T18:31:42","modified_gmt":"2020-03-25T16:31:42","slug":"ueber-uns","status":"publish","type":"page","link":"http:\/\/maison-eliseetphilipp.de\/?page_id=13","title":{"rendered":"<p style=\"text-align: left;\"> \u00dcber uns<\/p>"},"content":{"rendered":"\n<div class=\"wp-block-image\"><figure class=\"alignleft size-large is-resized\"><img loading=\"lazy\" decoding=\"async\" src=\"http:\/\/maison-eliseetphilipp.de\/wp-content\/uploads\/2019\/11\/IMG_1134.jpeg\" alt=\"\" class=\"wp-image-338\" width=\"240\" height=\"160\" srcset=\"http:\/\/maison-eliseetphilipp.de\/wp-content\/uploads\/2019\/11\/IMG_1134.jpeg 320w, http:\/\/maison-eliseetphilipp.de\/wp-content\/uploads\/2019\/11\/IMG_1134-300x200.jpeg 300w\" sizes=\"auto, (max-width: 240px) 100vw, 240px\" \/><\/figure><\/div>\n\n\n<p style=\"text-align: left;\">Mein Mann Volker und ich, Florence, geb\u00fcrtige Franz\u00f6sin, lieben den Rheingau und sind gerne mit Freunden unterwegs, um die vielen Weing\u00fcter, Strau\u00dfenwirtschaften oder einfach die wundersch\u00f6ne Landschaft zu entdecken.<\/p>\n<p style=\"text-align: left;\">Wir sind sehr gerne Gastgeber und freuen uns darauf, G\u00e4sten besondere Orte und Spezialit\u00e4ten des Rheingaus und der Landeshauptstadt Wiesbaden weiterzuempfehlen.<\/p>\n<p style=\"text-align: left;\">Das Haus, erbaut 1896 von Volkers Ururgro\u00dfvater Philipp, wurde im Jahr 2018\/2019 von Grund auf saniert und modernisiert. So konnten wir uns unseren Traum von einer geschmackvollen Ferienwohnung realisieren.<\/p>","protected":false},"excerpt":{"rendered":"<p>Mein Mann Volker und ich, Florence, geb\u00fcrtige Franz\u00f6sin, lieben den Rheingau und sind gerne mit Freunden unterwegs, um die vielen Weing\u00fcter, Strau\u00dfenwirtschaften oder einfach die wundersch\u00f6ne Landschaft zu entdecken. Wir sind sehr gerne Gastgeber und freuen uns darauf, G\u00e4sten besondere Orte und Spezialit\u00e4ten des Rheingaus und der Landeshauptstadt Wiesbaden weiterzuempfehlen. Das Haus, erbaut 1896 von&hellip;<\/p>\n","protected":false},"author":1,"featured_media":0,"parent":0,"menu_order":0,"comment_status":"closed","ping_status":"closed","template":"","meta":{"footnotes":""},"class_list":["post-13","page","type-page","status-publish","hentry"],"_links":{"self":[{"href":"http:\/\/maison-eliseetphilipp.de\/index.php?rest_route=\/wp\/v2\/pages\/13","targetHints":{"allow":["GET"]}}],"collection":[{"href":"http:\/\/maison-eliseetphilipp.de\/index.php?rest_route=\/wp\/v2\/pages"}],"about":[{"href":"http:\/\/maison-eliseetphilipp.de\/index.php?rest_route=\/wp\/v2\/types\/page"}],"author":[{"embeddable":true,"href":"http:\/\/maison-eliseetphilipp.de\/index.php?rest_route=\/wp\/v2\/users\/1"}],"replies":[{"embeddable":true,"href":"http:\/\/maison-eliseetphilipp.de\/index.php?rest_route=%2Fwp%2Fv2%2Fcomments&post=13"}],"version-history":[{"count":11,"href":"http:\/\/maison-eliseetphilipp.de\/index.php?rest_route=\/wp\/v2\/pages\/13\/revisions"}],"predecessor-version":[{"id":364,"href":"http:\/\/maison-eliseetphilipp.de\/index.php?rest_route=\/wp\/v2\/pages\/13\/revisions\/364"}],"wp:attachment":[{"href":"http:\/\/maison-eliseetphilipp.de\/index.php?rest_route=%2Fwp%2Fv2%2Fmedia&parent=13"}],"curies":[{"name":"wp","href":"https:\/\/api.w.org\/{rel}","templated":true}]}}