{"id":22,"date":"2019-06-10T08:52:22","date_gmt":"2019-06-10T08:52:22","guid":{"rendered":"http:\/\/maison-eliseetphilipp.de\/?page_id=22"},"modified":"2025-10-07T11:08:33","modified_gmt":"2025-10-07T09:08:33","slug":"preise","status":"publish","type":"page","link":"http:\/\/maison-eliseetphilipp.de\/?page_id=22","title":{"rendered":"<p style=\"text-align: left;\"> Preise<\/p>"},"content":{"rendered":"\n<p class=\"has-text-align-left\"><strong>Preise<\/strong><br>100 \u20ac pro Nacht f\u00fcr 2 Personen<br>160 \u20ac pro Nacht bei 4 Personen<\/p>\n\n\n\n<p>Endreinigung 50 \u20ac<br>Mindestaufenthalt: 2 N\u00e4chte<br>Sonderkonditionen ab 5 \u00dcbernachtungen auf Anfrage.<\/p>\n\n\n\n<p>Kinder sind herzlich willkommen und auf Wunsch stellen wir Ihnen gerne ein Kinderbett zur Verf\u00fcgung.<\/p>\n\n\n\n<p>Alle Preise verstehen sich inkl. Handt\u00fccher, Bettw\u00e4sche, WLAN Nutzung und Kurtaxe. Keine Haustiere. Nichtraucherwohnung.<\/p>\n","protected":false},"excerpt":{"rendered":"<p>Preise100 \u20ac pro Nacht f\u00fcr 2 Personen160 \u20ac pro Nacht bei 4 Personen Endreinigung 50 \u20acMindestaufenthalt: 2 N\u00e4chteSonderkonditionen ab 5 \u00dcbernachtungen auf Anfrage. Kinder sind herzlich willkommen und auf Wunsch stellen wir Ihnen gerne ein Kinderbett zur Verf\u00fcgung. Alle Preise verstehen sich inkl. Handt\u00fccher, Bettw\u00e4sche, WLAN Nutzung und Kurtaxe. Keine Haustiere. Nichtraucherwohnung.<\/p>\n","protected":false},"author":1,"featured_media":0,"parent":0,"menu_order":0,"comment_status":"closed","ping_status":"closed","template":"","meta":{"footnotes":""},"class_list":["post-22","page","type-page","status-publish","hentry"],"_links":{"self":[{"href":"http:\/\/maison-eliseetphilipp.de\/index.php?rest_route=\/wp\/v2\/pages\/22","targetHints":{"allow":["GET"]}}],"collection":[{"href":"http:\/\/maison-eliseetphilipp.de\/index.php?rest_route=\/wp\/v2\/pages"}],"about":[{"href":"http:\/\/maison-eliseetphilipp.de\/index.php?rest_route=\/wp\/v2\/types\/page"}],"author":[{"embeddable":true,"href":"http:\/\/maison-eliseetphilipp.de\/index.php?rest_route=\/wp\/v2\/users\/1"}],"replies":[{"embeddable":true,"href":"http:\/\/maison-eliseetphilipp.de\/index.php?rest_route=%2Fwp%2Fv2%2Fcomments&post=22"}],"version-history":[{"count":30,"href":"http:\/\/maison-eliseetphilipp.de\/index.php?rest_route=\/wp\/v2\/pages\/22\/revisions"}],"predecessor-version":[{"id":417,"href":"http:\/\/maison-eliseetphilipp.de\/index.php?rest_route=\/wp\/v2\/pages\/22\/revisions\/417"}],"wp:attachment":[{"href":"http:\/\/maison-eliseetphilipp.de\/index.php?rest_route=%2Fwp%2Fv2%2Fmedia&parent=22"}],"curies":[{"name":"wp","href":"https:\/\/api.w.org\/{rel}","templated":true}]}}