{"id":61,"date":"2019-06-10T10:29:31","date_gmt":"2019-06-10T10:29:31","guid":{"rendered":"http:\/\/maison-eliseetphilipp.de\/?page_id=61"},"modified":"2020-03-25T18:30:26","modified_gmt":"2020-03-25T16:30:26","slug":"home","status":"publish","type":"page","link":"http:\/\/maison-eliseetphilipp.de\/","title":{"rendered":"<p style=\"text-align: left;\"> Herzlich willkommen!<\/p>"},"content":{"rendered":"\n<p class=\"has-text-align-left\"><strong><br>Bienvenue!  Welcome!<\/strong><\/p>\n\n\n<p style=\"text-align: left;\">Die Ferienwohnung Maison Elise &amp; Philipp befindet sich in einem freistehenden Haus am Ortsrand von Wiesbaden Schierstein, nur wenige Schritte vom Hafen entfernt. Ob zu Fu\u00df bei einer Wanderung durch die Weinberge, bei einem Bummel durch die idyllischen Weind\u00f6rfer oder die Landeshauptstadt Wiesbaden oder mit dem Fahrrad entlang des Rheins, im Rheingau gibt es f\u00fcr jeden Gast viel zu entdecken.<\/p>\n<p><!-- \/wp:post-content --><\/p>\n<p><!-- wp:paragraph {\"align\":\"center\"} --><\/p>\n<p>Die Freizeitm\u00f6glichkeiten sind hervorragend, in der Umgebung findet sich f\u00fcr jeden etwas. Schierstein bietet einige Weing\u00fcter und eine gro\u00dfe Auswahl an Restaurants.<\/p>\n<p><!-- \/wp:paragraph --><\/p>\n<p><!-- wp:paragraph {\"align\":\"center\"} --><\/p>\n<p style=\"text-align: left;\">Gerne geben wir Ihnen Tipps f\u00fcr Ihren Aufenthalt und stehen bei Fragen jederzeit zur Verf\u00fcgung.<\/p>\n<p><!-- \/wp:paragraph --><\/p>\n<p><!-- wp:paragraph {\"align\":\"center\"} --><\/p>\n<p style=\"text-align: left;\">Wir w\u00fcnschen Ihnen viel Spa\u00df beim St\u00f6bern auf unserer Website und w\u00fcrden uns freuen, Sie bald als unsere G\u00e4ste in unserer Ferienwohnung begr\u00fc\u00dfen zu d\u00fcrfen.<\/p>\n<p><!-- \/wp:paragraph --><\/p>\n<p><!-- wp:paragraph --><\/p>\n<p><!-- \/wp:paragraph --><\/p>","protected":false},"excerpt":{"rendered":"<p>Bienvenue! Welcome! Die Ferienwohnung Maison Elise &amp; Philipp befindet sich in einem freistehenden Haus am Ortsrand von Wiesbaden Schierstein, nur wenige Schritte vom Hafen entfernt. Ob zu Fu\u00df bei einer Wanderung durch die Weinberge, bei einem Bummel durch die idyllischen Weind\u00f6rfer oder die Landeshauptstadt Wiesbaden oder mit dem Fahrrad entlang des Rheins, im Rheingau gibt&hellip;<\/p>\n","protected":false},"author":1,"featured_media":0,"parent":0,"menu_order":0,"comment_status":"closed","ping_status":"closed","template":"","meta":{"footnotes":""},"class_list":["post-61","page","type-page","status-publish","hentry"],"_links":{"self":[{"href":"http:\/\/maison-eliseetphilipp.de\/index.php?rest_route=\/wp\/v2\/pages\/61","targetHints":{"allow":["GET"]}}],"collection":[{"href":"http:\/\/maison-eliseetphilipp.de\/index.php?rest_route=\/wp\/v2\/pages"}],"about":[{"href":"http:\/\/maison-eliseetphilipp.de\/index.php?rest_route=\/wp\/v2\/types\/page"}],"author":[{"embeddable":true,"href":"http:\/\/maison-eliseetphilipp.de\/index.php?rest_route=\/wp\/v2\/users\/1"}],"replies":[{"embeddable":true,"href":"http:\/\/maison-eliseetphilipp.de\/index.php?rest_route=%2Fwp%2Fv2%2Fcomments&post=61"}],"version-history":[{"count":26,"href":"http:\/\/maison-eliseetphilipp.de\/index.php?rest_route=\/wp\/v2\/pages\/61\/revisions"}],"predecessor-version":[{"id":363,"href":"http:\/\/maison-eliseetphilipp.de\/index.php?rest_route=\/wp\/v2\/pages\/61\/revisions\/363"}],"wp:attachment":[{"href":"http:\/\/maison-eliseetphilipp.de\/index.php?rest_route=%2Fwp%2Fv2%2Fmedia&parent=61"}],"curies":[{"name":"wp","href":"https:\/\/api.w.org\/{rel}","templated":true}]}}